{"id":9,"date":"2016-02-22T03:05:21","date_gmt":"2016-02-22T02:05:21","guid":{"rendered":"http:\/\/www.abile20.com\/?page_id=9"},"modified":"2021-10-21T11:24:03","modified_gmt":"2021-10-21T09:24:03","slug":"home","status":"publish","type":"page","link":"https:\/\/www.abile20.com\/","title":{"rendered":"Home"},"content":{"rendered":"<p style=\"text-align: left;\"><em>&#8220;Guardi che \u00e8 verde!&#8221; capita di sentirlo dire ma se a pronunciarlo \u00e8 una persona con bastone bianco e occhiali scuri sar\u00e0 un finto cieco o un &#8220;Abile 2.0&#8221;?<\/em><\/p>\n<hr>\n<p>Sofia (<strong><a href=\"http:\/\/www.abile20.com\/?page_id=21\">Tabata Caldironi<\/a><\/strong>) \u00e8 una giovane laureata in Giornalismo disoccupata e dopo l&#8217;ennesimo colloquio andato male, sconsolata, decide di seguire il consiglio del suo fidanzato Carlo (<a href=\"http:\/\/www.abile20.com\/?page_id=26\"><strong>Nicola Robutti<\/strong><\/a>): fare un servizio sui finti ciechi da sottoporre ad un sito di informazione che cerca collaboratori.<\/p>\n<p>Sofia, mentre \u00e8 a Milano, si imbatte in Dario (<strong><a href=\"http:\/\/www.abile20.com\/?page_id=30\">Mauro Moscati<\/a><\/strong>) che, nonostante si muova con un bastone bianco ed indossi gli occhiali scuri, ha un atteggiamento molto deciso che la fa dubitare delle sue reali condizioni e che le ricorda molto gli articoli sui finti ciechi. Ha cos\u00ec inizio un &#8220;inseguimento&#8221; durante il quale Sofia pediner\u00e0 Dario alla ricerca di indizi rivelatori che la porteranno alla scoperta di un nuovo modo di vedere le cose.<\/p>\n<table style=\"border-collapse: collapse; border: none;\">\n<tbody>\n<tr>\n<th style=\"border-collapse: collapse; border: none; text-align: right; vertical-align: top; padding: 0 0.5em 0 0; width: 50%;\">Con<\/th>\n<td style=\"white-space: nowrap; border-collapse: collapse; border: none; padding: 0 0 0.5em 0;\"><a href=\"http:\/\/www.abile20.com\/?page_id=21\">Tabata Caldironi<\/a><br><a href=\"http:\/\/www.abile20.com\/?page_id=30\">Mauro Moscati<\/a><br><a href=\"http:\/\/www.abile20.com\/?page_id=26\">Nicola Robutti<\/a><\/td>\n<\/tr>\n<tr>\n<th style=\"border-collapse: collapse; border: none; text-align: right; vertical-align: top; padding: 0 0.5em 0 0; width: 50%;\">Regia<\/th>\n<td style=\"white-space: nowrap; border-collapse: collapse; border: none; padding: 0 0 0.5em 0;\">Mauro Moscati<\/td>\n<\/tr>\n<tr>\n<th style=\"border-collapse: collapse; border: none; text-align: right; vertical-align: top; padding: 0 0.5em 0 0; width: 50%;\">Sceneggiatura<\/th>\n<td style=\"white-space: nowrap; border-collapse: collapse; border: none; padding: 0 0 0.5em 0;\">Egle Clivio<br>Mauro Moscati<\/td>\n<\/tr>\n<tr>\n<th style=\"border-collapse: collapse; border: none; text-align: right; vertical-align: top; padding: 0 0.5em 0 0; width: 50%;\">Idea originale<\/th>\n<td style=\"white-space: nowrap; border-collapse: collapse; border: none; padding: 0 0 0.5em 0;\">Lucia Bogoni<br>Egle Clivio<br>Desir\u00e9e Pavan<\/td>\n<\/tr>\n<tr>\n<th style=\"border-collapse: collapse; border: none; text-align: right; vertical-align: top; padding: 0 0.5em 0 0; width: 50%;\">Produttore<\/th>\n<td style=\"white-space: nowrap; border-collapse: collapse; border: none; padding: 0 0 0.5em 0;\">Mauro Moscati<\/td>\n<\/tr>\n<tr>\n<th style=\"border-collapse: collapse; border: none; text-align: right; vertical-align: top; padding: 0 0.5em 0 0; width: 50%;\">Produzione<\/th>\n<td style=\"white-space: nowrap; border-collapse: collapse; border: none; padding: 0 0 0.5em 0;\">2015-2016<\/td>\n<\/tr>\n<tr>\n<th style=\"border-collapse: collapse; border: none; text-align: right; vertical-align: top; padding: 0 0.5em 0 0; width: 50%;\">Pubblicazione online<\/th>\n<td style=\"white-space: nowrap; border-collapse: collapse; border: none; padding: 0 0 0.5em 0;\">21 ottobre 2021<\/td>\n<\/tr>\n<\/tbody>\n<\/table>\n\n\n<div style=\"padding:42.5% 0 0 0;position:relative;\"><iframe src=\"https:\/\/player.vimeo.com\/video\/329850862?h=946f5cd40e&amp;badge=0&amp;autopause=0&amp;player_id=0&amp;app_id=58479\" frameborder=\"0\" allow=\"autoplay; fullscreen; picture-in-picture\" allowfullscreen style=\"position:absolute;top:0;left:0;width:100%;height:100%;\" title=\"Abile 2.0\"><\/iframe><\/div><script src=\"https:\/\/player.vimeo.com\/api\/player.js\"><\/script>\n\n\n\n<pre class=\"wp-block-code\"><code><\/code><\/pre>\n<div data-animation=\"no-animation\" data-icons-animation=\"no-animation\" data-overlay=\"\" data-change-size=\"\" data-button-size=\"0.7\" style=\"font-size:0.7em!important;display:none;\" class=\"supsystic-social-sharing supsystic-social-sharing-package-flat supsystic-social-sharing-content supsystic-social-sharing-content-align-center\" data-text=\"\"><a data-networks=\"[]\" class=\"social-sharing-button sharer-flat sharer-flat-3 counter-standard without-counter facebook\" target=\"_blank\" title=\"Facebook\" href=\"http:\/\/www.facebook.com\/sharer.php?u=https%3A%2F%2Fwww.abile20.com%2F\" data-main-href=\"http:\/\/www.facebook.com\/sharer.php?u={url}\" data-nid=\"1\" data-name=\"\" data-pid=\"2\" data-post-id=\"9\" data-url=\"https:\/\/www.abile20.com\/wp-admin\/admin-ajax.php\" data-description=\"Home\" rel=\"nofollow\" data-mailto=\"\"><i class=\"fa-ssbs fa-ssbs-fw fa-ssbs-facebook\"><\/i><div class=\"counter-wrap standard\"><span class=\"counter\">4<\/span><\/div><\/a><a data-networks=\"[]\" class=\"social-sharing-button sharer-flat sharer-flat-3 counter-standard without-counter twitter\" target=\"_blank\" title=\"Twitter\" href=\"https:\/\/twitter.com\/share?url=https%3A%2F%2Fwww.abile20.com%2F&text=Home\" data-main-href=\"https:\/\/twitter.com\/share?url={url}&text={title}\" data-nid=\"2\" data-name=\"\" data-pid=\"2\" data-post-id=\"9\" data-url=\"https:\/\/www.abile20.com\/wp-admin\/admin-ajax.php\" data-description=\"Home\" rel=\"nofollow\" data-mailto=\"\"><i class=\"fa-ssbs fa-ssbs-fw fa-ssbs-twitter\"><\/i><div class=\"counter-wrap standard\"><span class=\"counter\">2<\/span><\/div><\/a><a data-networks=\"[]\" class=\"social-sharing-button sharer-flat sharer-flat-3 counter-standard without-counter googleplus\" target=\"_blank\" title=\"Google+\" href=\"https:\/\/plus.google.com\/share?url=https%3A%2F%2Fwww.abile20.com%2F\" data-main-href=\"https:\/\/plus.google.com\/share?url={url}\" data-nid=\"3\" data-name=\"\" data-pid=\"2\" data-post-id=\"9\" data-url=\"https:\/\/www.abile20.com\/wp-admin\/admin-ajax.php\" data-description=\"Home\" rel=\"nofollow\" data-mailto=\"\"><i class=\"fa-ssbs fa-ssbs-fw fa-ssbs-google-plus\"><\/i><div class=\"counter-wrap standard\"><span class=\"counter\">2<\/span><\/div><\/a><a data-networks=\"[]\" class=\"social-sharing-button sharer-flat sharer-flat-3 counter-standard without-counter like\" target=\"_blank\" title=\"Like\" href=\"#\" data-main-href=\"#\" data-nid=\"5\" data-name=\"\" data-pid=\"2\" data-post-id=\"9\" data-url=\"https:\/\/www.abile20.com\/wp-admin\/admin-ajax.php\" data-description=\"Home\" rel=\"nofollow\" data-mailto=\"\"><i class=\"fa-ssbs fa-ssbs-fw fa-ssbs-heart\"><\/i><div class=\"counter-wrap standard\"><span class=\"counter\">0<\/span><\/div><\/a><a data-networks=\"[]\" class=\"social-sharing-button sharer-flat sharer-flat-3 counter-standard without-counter whatsapp\" target=\"_blank\" title=\"WhatsApp\" href=\"https:\/\/web.whatsapp.com\/send?text=https%3A%2F%2Fwww.abile20.com%2F\" data-main-href=\"https:\/\/web.whatsapp.com\/send?text={url}\" data-nid=\"18\" data-name=\"\" data-pid=\"2\" data-post-id=\"9\" data-url=\"https:\/\/www.abile20.com\/wp-admin\/admin-ajax.php\" data-description=\"Home\" rel=\"nofollow\" data-mailto=\"\"><i class=\"fa-ssbs fa-ssbs-fw fa-ssbs-whatsapp\"><\/i><div class=\"counter-wrap standard\"><span class=\"counter\">0<\/span><\/div><\/a><a data-networks=\"[]\" class=\"social-sharing-button sharer-flat sharer-flat-3 counter-standard without-counter pinterest\" target=\"_blank\" title=\"Pinterest\" href=\"http:\/\/pinterest.com\/pin\/create\/link\/?url=https%3A%2F%2Fwww.abile20.com%2F&description=Home\" data-main-href=\"http:\/\/pinterest.com\/pin\/create\/link\/?url={url}&description={title}\" data-nid=\"7\" data-name=\"\" data-pid=\"2\" data-post-id=\"9\" data-url=\"https:\/\/www.abile20.com\/wp-admin\/admin-ajax.php\" data-description=\"Home\" rel=\"nofollow\" data-mailto=\"\"><i class=\"fa-ssbs fa-ssbs-fw fa-ssbs-pinterest\"><\/i><div class=\"counter-wrap standard\"><span class=\"counter\">1<\/span><\/div><\/a><a data-networks=\"[]\" class=\"social-sharing-button sharer-flat sharer-flat-3 counter-standard without-counter linkedin\" target=\"_blank\" title=\"Linkedin\" href=\"https:\/\/www.linkedin.com\/shareArticle?mini=true&title=Home&url=https%3A%2F%2Fwww.abile20.com%2F\" data-main-href=\"https:\/\/www.linkedin.com\/shareArticle?mini=true&title={title}&url={url}\" data-nid=\"13\" data-name=\"\" data-pid=\"2\" data-post-id=\"9\" data-url=\"https:\/\/www.abile20.com\/wp-admin\/admin-ajax.php\" data-description=\"Home\" rel=\"nofollow\" data-mailto=\"\"><i class=\"fa-ssbs fa-ssbs-fw fa-ssbs-linkedin\"><\/i><div class=\"counter-wrap standard\"><span class=\"counter\">1<\/span><\/div><\/a><a data-networks=\"[]\" class=\"social-sharing-button sharer-flat sharer-flat-3 counter-standard without-counter print\" target=\"_blank\" title=\"Print\" href=\"#\" data-main-href=\"#\" data-nid=\"14\" data-name=\"\" data-pid=\"2\" data-post-id=\"9\" data-url=\"https:\/\/www.abile20.com\/wp-admin\/admin-ajax.php\" data-description=\"Home\" rel=\"nofollow\" data-mailto=\"\"><i class=\"fa-ssbs fa-ssbs-fw fa-ssbs-print\"><\/i><div class=\"counter-wrap standard\"><span class=\"counter\">4<\/span><\/div><\/a><a data-networks=\"[]\" class=\"social-sharing-button sharer-flat sharer-flat-3 counter-standard without-counter bookmark\" target=\"_blank\" title=\"Add Bookmark\" href=\"#\" data-main-href=\"#\" data-nid=\"15\" data-name=\"\" data-pid=\"2\" data-post-id=\"9\" data-url=\"https:\/\/www.abile20.com\/wp-admin\/admin-ajax.php\" data-description=\"Home\" rel=\"nofollow\" data-mailto=\"\"><i class=\"fa-ssbs fa-ssbs-fw fa-ssbs-plus\"><\/i><div class=\"counter-wrap standard\"><span class=\"counter\">0<\/span><\/div><\/a><a data-networks=\"[]\" class=\"social-sharing-button sharer-flat sharer-flat-3 counter-standard without-counter mail\" target=\"_blank\" title=\"Mail\" href=\"#\" data-main-href=\"#\" data-nid=\"16\" data-name=\"\" data-pid=\"2\" data-post-id=\"9\" data-url=\"https:\/\/www.abile20.com\/wp-admin\/admin-ajax.php\" data-description=\"Home\" rel=\"nofollow\" data-mailto=\"\"><i class=\"fa-ssbs fa-ssbs-fw fa-ssbs-envelope-o\"><\/i><div class=\"counter-wrap standard\"><span class=\"counter\">1<\/span><\/div><\/a><\/div>","protected":false},"excerpt":{"rendered":"<p>&#8220;Guardi che \u00e8 verde!&#8221; capita di sentirlo dire ma se a pronunciarlo \u00e8 una persona con bastone bianco e occhiali scuri sar\u00e0 un finto cieco o un &#8220;Abile 2.0&#8221;? Sofia&#8230; <span class=\"more-link\"><a href=\"https:\/\/www.abile20.com\/\">Read More<\/a><\/span><\/p>\n<div data-animation=\"no-animation\" data-icons-animation=\"no-animation\" data-overlay=\"\" data-change-size=\"\" data-button-size=\"0.7\" style=\"font-size:0.7em!important;display:none;\" class=\"supsystic-social-sharing supsystic-social-sharing-package-flat supsystic-social-sharing-content supsystic-social-sharing-content-align-center\" data-text=\"\"><a data-networks=\"[]\" class=\"social-sharing-button sharer-flat sharer-flat-3 counter-standard without-counter facebook\" target=\"_blank\" title=\"Facebook\" href=\"http:\/\/www.facebook.com\/sharer.php?u=https%3A%2F%2Fwww.abile20.com%2F\" data-main-href=\"http:\/\/www.facebook.com\/sharer.php?u={url}\" data-nid=\"1\" data-name=\"\" data-pid=\"2\" data-post-id=\"9\" data-url=\"https:\/\/www.abile20.com\/wp-admin\/admin-ajax.php\" data-description=\"Home\" rel=\"nofollow\" data-mailto=\"\"><i class=\"fa-ssbs fa-ssbs-fw fa-ssbs-facebook\"><\/i><div class=\"counter-wrap standard\"><span class=\"counter\">4<\/span><\/div><\/a><a data-networks=\"[]\" class=\"social-sharing-button sharer-flat sharer-flat-3 counter-standard without-counter twitter\" target=\"_blank\" title=\"Twitter\" href=\"https:\/\/twitter.com\/share?url=https%3A%2F%2Fwww.abile20.com%2F&text=Home\" data-main-href=\"https:\/\/twitter.com\/share?url={url}&text={title}\" data-nid=\"2\" data-name=\"\" data-pid=\"2\" data-post-id=\"9\" data-url=\"https:\/\/www.abile20.com\/wp-admin\/admin-ajax.php\" data-description=\"Home\" rel=\"nofollow\" data-mailto=\"\"><i class=\"fa-ssbs fa-ssbs-fw fa-ssbs-twitter\"><\/i><div class=\"counter-wrap standard\"><span class=\"counter\">2<\/span><\/div><\/a><a data-networks=\"[]\" class=\"social-sharing-button sharer-flat sharer-flat-3 counter-standard without-counter googleplus\" target=\"_blank\" title=\"Google+\" href=\"https:\/\/plus.google.com\/share?url=https%3A%2F%2Fwww.abile20.com%2F\" data-main-href=\"https:\/\/plus.google.com\/share?url={url}\" data-nid=\"3\" data-name=\"\" data-pid=\"2\" data-post-id=\"9\" data-url=\"https:\/\/www.abile20.com\/wp-admin\/admin-ajax.php\" data-description=\"Home\" rel=\"nofollow\" data-mailto=\"\"><i class=\"fa-ssbs fa-ssbs-fw fa-ssbs-google-plus\"><\/i><div class=\"counter-wrap standard\"><span class=\"counter\">2<\/span><\/div><\/a><a data-networks=\"[]\" class=\"social-sharing-button sharer-flat sharer-flat-3 counter-standard without-counter like\" target=\"_blank\" title=\"Like\" href=\"#\" data-main-href=\"#\" data-nid=\"5\" data-name=\"\" data-pid=\"2\" data-post-id=\"9\" data-url=\"https:\/\/www.abile20.com\/wp-admin\/admin-ajax.php\" data-description=\"Home\" rel=\"nofollow\" data-mailto=\"\"><i class=\"fa-ssbs fa-ssbs-fw fa-ssbs-heart\"><\/i><div class=\"counter-wrap standard\"><span class=\"counter\">0<\/span><\/div><\/a><a data-networks=\"[]\" class=\"social-sharing-button sharer-flat sharer-flat-3 counter-standard without-counter whatsapp\" target=\"_blank\" title=\"WhatsApp\" href=\"https:\/\/web.whatsapp.com\/send?text=https%3A%2F%2Fwww.abile20.com%2F\" data-main-href=\"https:\/\/web.whatsapp.com\/send?text={url}\" data-nid=\"18\" data-name=\"\" data-pid=\"2\" data-post-id=\"9\" data-url=\"https:\/\/www.abile20.com\/wp-admin\/admin-ajax.php\" data-description=\"Home\" rel=\"nofollow\" data-mailto=\"\"><i class=\"fa-ssbs fa-ssbs-fw fa-ssbs-whatsapp\"><\/i><div class=\"counter-wrap standard\"><span class=\"counter\">0<\/span><\/div><\/a><a data-networks=\"[]\" class=\"social-sharing-button sharer-flat sharer-flat-3 counter-standard without-counter pinterest\" target=\"_blank\" title=\"Pinterest\" href=\"http:\/\/pinterest.com\/pin\/create\/link\/?url=https%3A%2F%2Fwww.abile20.com%2F&description=Home\" data-main-href=\"http:\/\/pinterest.com\/pin\/create\/link\/?url={url}&description={title}\" data-nid=\"7\" data-name=\"\" data-pid=\"2\" data-post-id=\"9\" data-url=\"https:\/\/www.abile20.com\/wp-admin\/admin-ajax.php\" data-description=\"Home\" rel=\"nofollow\" data-mailto=\"\"><i class=\"fa-ssbs fa-ssbs-fw fa-ssbs-pinterest\"><\/i><div class=\"counter-wrap standard\"><span class=\"counter\">1<\/span><\/div><\/a><a data-networks=\"[]\" class=\"social-sharing-button sharer-flat sharer-flat-3 counter-standard without-counter linkedin\" target=\"_blank\" title=\"Linkedin\" href=\"https:\/\/www.linkedin.com\/shareArticle?mini=true&title=Home&url=https%3A%2F%2Fwww.abile20.com%2F\" data-main-href=\"https:\/\/www.linkedin.com\/shareArticle?mini=true&title={title}&url={url}\" data-nid=\"13\" data-name=\"\" data-pid=\"2\" data-post-id=\"9\" data-url=\"https:\/\/www.abile20.com\/wp-admin\/admin-ajax.php\" data-description=\"Home\" rel=\"nofollow\" data-mailto=\"\"><i class=\"fa-ssbs fa-ssbs-fw fa-ssbs-linkedin\"><\/i><div class=\"counter-wrap standard\"><span class=\"counter\">1<\/span><\/div><\/a><a data-networks=\"[]\" class=\"social-sharing-button sharer-flat sharer-flat-3 counter-standard without-counter print\" target=\"_blank\" title=\"Print\" href=\"#\" data-main-href=\"#\" data-nid=\"14\" data-name=\"\" data-pid=\"2\" data-post-id=\"9\" data-url=\"https:\/\/www.abile20.com\/wp-admin\/admin-ajax.php\" data-description=\"Home\" rel=\"nofollow\" data-mailto=\"\"><i class=\"fa-ssbs fa-ssbs-fw fa-ssbs-print\"><\/i><div class=\"counter-wrap standard\"><span class=\"counter\">4<\/span><\/div><\/a><a data-networks=\"[]\" class=\"social-sharing-button sharer-flat sharer-flat-3 counter-standard without-counter bookmark\" target=\"_blank\" title=\"Add Bookmark\" href=\"#\" data-main-href=\"#\" data-nid=\"15\" data-name=\"\" data-pid=\"2\" data-post-id=\"9\" data-url=\"https:\/\/www.abile20.com\/wp-admin\/admin-ajax.php\" data-description=\"Home\" rel=\"nofollow\" data-mailto=\"\"><i class=\"fa-ssbs fa-ssbs-fw fa-ssbs-plus\"><\/i><div class=\"counter-wrap standard\"><span class=\"counter\">0<\/span><\/div><\/a><a data-networks=\"[]\" class=\"social-sharing-button sharer-flat sharer-flat-3 counter-standard without-counter mail\" target=\"_blank\" title=\"Mail\" href=\"#\" data-main-href=\"#\" data-nid=\"16\" data-name=\"\" data-pid=\"2\" data-post-id=\"9\" data-url=\"https:\/\/www.abile20.com\/wp-admin\/admin-ajax.php\" data-description=\"Home\" rel=\"nofollow\" data-mailto=\"\"><i class=\"fa-ssbs fa-ssbs-fw fa-ssbs-envelope-o\"><\/i><div class=\"counter-wrap standard\"><span class=\"counter\">1<\/span><\/div><\/a><\/div>","protected":false},"author":1,"featured_media":0,"parent":0,"menu_order":0,"comment_status":"closed","ping_status":"closed","template":"","meta":{"footnotes":""},"class_list":["post-9","page","type-page","status-publish","hentry"],"_links":{"self":[{"href":"https:\/\/www.abile20.com\/index.php?rest_route=\/wp\/v2\/pages\/9","targetHints":{"allow":["GET"]}}],"collection":[{"href":"https:\/\/www.abile20.com\/index.php?rest_route=\/wp\/v2\/pages"}],"about":[{"href":"https:\/\/www.abile20.com\/index.php?rest_route=\/wp\/v2\/types\/page"}],"author":[{"embeddable":true,"href":"https:\/\/www.abile20.com\/index.php?rest_route=\/wp\/v2\/users\/1"}],"replies":[{"embeddable":true,"href":"https:\/\/www.abile20.com\/index.php?rest_route=%2Fwp%2Fv2%2Fcomments&post=9"}],"version-history":[{"count":30,"href":"https:\/\/www.abile20.com\/index.php?rest_route=\/wp\/v2\/pages\/9\/revisions"}],"predecessor-version":[{"id":227,"href":"https:\/\/www.abile20.com\/index.php?rest_route=\/wp\/v2\/pages\/9\/revisions\/227"}],"wp:attachment":[{"href":"https:\/\/www.abile20.com\/index.php?rest_route=%2Fwp%2Fv2%2Fmedia&parent=9"}],"curies":[{"name":"wp","href":"https:\/\/api.w.org\/{rel}","templated":true}]}}