{"id":21,"date":"2016-02-28T00:03:24","date_gmt":"2016-02-27T23:03:24","guid":{"rendered":"http:\/\/www.abile20.com\/?page_id=21"},"modified":"2016-03-06T02:16:16","modified_gmt":"2016-03-06T01:16:16","slug":"tabata-caldironi","status":"publish","type":"page","link":"https:\/\/www.abile20.com\/?page_id=21","title":{"rendered":"Tabata Caldironi"},"content":{"rendered":"<h2>A proposito di\u00a0Abile 2.0&#8230;<\/h2>\n<h3>Due parole\u00a0sul tuo personaggio<\/h3>\n<p>In questo film io sono una giornalista neolaureata che mentre cerca di fare uno scoop conosce un non vedente\u00a0e scopre una serie di problematiche che questa persona deve affrontare.<\/p>\n<h3>Descrivi la tue esperienza in Abile 2.0?<\/h3>\n<p>Ci\u00f2 che differenzia questo lavoro da altri che ho precedentemente affrontato \u0117 stato recitare e soprattutto essere diretta da chi questa disabilit\u00e0 la vive davvero.<\/p>\n<p>Ho potuto cos\u00ec vedere quali sono gli ostacoli pi\u00f9 impervi che si presentano nello svolgimento di due professioni come quella di regista ed attore, per chi non pu\u00f2 avvalersi del senso della vista.<\/p>\n<h3>Com&#8217;\u00e8 stato lavorare con\u00a0Mauro?<\/h3>\n<p>Ho apprezzato moltissimo la passione e la determinazione che <strong>Mauro Moscati<\/strong> ha messo in questo film, la sua voglia di fare capire al mondo che con tantissimo impegno si possono raggiungere traguardi impensabili per chi ha degli handicap visivi.<\/p>\n<p>Ho altres\u00ec apprezzato la partecipazione della sua famiglia, l&#8217;amore che i suoi genitori e la sua nonna mettono fin dalla sua prima infanzia, in tutti i gesti volti ad emancipare le sue abilit\u00e0.<\/p>\n<p>Sul set Mauro ha dimostrato impegno e determinazione che hanno coinvolto tutta la troupe facendo si che il suo progetto divenisse il progetto di tutti. Ad affiancarlo nelle riprese (fatte nei giorni pi\u00f9 caldi dell&#8217;anno) oltre la famiglia c&#8217;era <strong>Egle Clivio<\/strong> che oltre ad essere la co-sceneggiatrice si \u00e8 destreggiata con varie mansioni dimostrando una grande amicizia verso Mauro.<\/p>\n<h3>Due parole sugli altri interpreti<\/h3>\n<p>In questa esperienza c&#8217;era al mio fianco nel ruolo del mio fidanzato l&#8217;attore <strong>Nicola Robutti<\/strong> che \u00e8 una persona molto sensibile e impegnata nel sociale che ha subito fatto gioco di squadra.<\/p>\n<p>Si pu\u00f2 quindi dire che tra tutti \u00e8 nato un rapporto di stima e amicizia che spero ci porter\u00e0 a sviluppare altri progetti in cui continuare a dimostrare che con passione determinazione molti ostacoli possono essere abbattuti.<\/p>\n<hr \/>\n<h2>Biografia<\/h2>\n<figure id=\"attachment_68\" aria-describedby=\"caption-attachment-68\" style=\"width: 200px\" class=\"wp-caption alignright\"><img loading=\"lazy\" decoding=\"async\" class=\"wp-image-68 size-medium\" src=\"http:\/\/www.abile20.com\/wp-content\/uploads\/2016\/02\/tabata7-200x300.jpg\" alt=\"Tabata Caldironi\" width=\"200\" height=\"300\" srcset=\"https:\/\/www.abile20.com\/wp-content\/uploads\/2016\/02\/tabata7-200x300.jpg 200w, https:\/\/www.abile20.com\/wp-content\/uploads\/2016\/02\/tabata7.jpg 500w\" sizes=\"auto, (max-width: 200px) 100vw, 200px\" \/><figcaption id=\"caption-attachment-68\" class=\"wp-caption-text\">Tabata Caldironi<\/figcaption><\/figure>\n<p><strong>Tabata Caldironi<\/strong> si forma come ballerina al <strong>Teatro Carcano<\/strong> di Milano e poi si diploma come performer al <strong>MAS<\/strong> (<strong>Music, Arts &amp; Show<\/strong>).<\/p>\n<p>All&#8217;et\u00e0 di 19 anni, viene scritturata per il suo primo film TV, come ballerina e attrice, e viene ammessa nel corpo di ballo delle opere del <strong>Teatro alla Scala<\/strong>, a Milano.<\/p>\n<p>Da quel momento alterna lavori attoriali e tersicoreii, sia in teatro che in televisione. Lavora per la <strong>RAI, Mediaset, La7, MTV, DeejayTv,<\/strong> <strong>Comedy Central<\/strong>, <strong>Nickelodeon, TeleMilano, Sky<\/strong> &#8230;<\/p>\n<p>In teatro affianca alcuni dei pi\u00f9 conosciuti comici italiani e in questo contesto muove i suoi primi passi come presentatrice di serate, eventi e festival.<\/p>\n<p>Danza per artisti come <strong>Angiola Tremonti<\/strong> e <strong>Silvano Bulgari<\/strong> e posa per fotografi importanti, in Italia e all&#8217;estero.<\/p>\n<p>Lavora alle Seychelles, in Marocco e Oman, dove balla per la stagione inaugurale della <strong>Royal Opera House<\/strong> di Muscat.<\/p>\n<p>Danza anche in video musicali e appare in spot pubblicitari per noti marchi, tra cui <strong>Europ Assistance<\/strong>, <strong>Original Marines<\/strong>, l&#8217;<strong>Universit\u00e0 Bocconi<\/strong> e la campagna pubblicitaria di <strong>Mastercard,<\/strong> in onda in 18 paesi.\u00a0Inoltre conduce un programma radiofonico, lavora come direttrice creativa per eventi e inventa format televisivi.<\/p>\n<p>\u00c8 co-ideatrice, direttrice creativa e presentatrice dell&#8217;<strong>Italian International Festival<\/strong> di New York.<\/p>\n<p>Dal 2015 presenta insieme a <strong>Lapo De Carlo<\/strong> il programma settimanale &#8220;<strong>I Cinematti<\/strong>&#8221; in prima serata su TeleMilano.<\/p>\n<p>Per il Teatro Alla Scala prende parte in veste di mima-attrice e ballerina alla prima opera &#8220;<strong>Elisir d&#8217;amore<\/strong>&#8221; trasmessa in RAI\u00a0dall&#8217;Aeroporto di Malpensa e a varie produzioni, tra le quali &#8220;<strong>Peter Grimes<\/strong>&#8221;\u00a0e &#8220;<strong>Rigoletto<\/strong>&#8220;. Sar\u00e0 presto nella &#8220;<strong>Cena Delle Beffe<\/strong>&#8221; con la regia di <strong>Mario Martone<\/strong>.<\/p>\n<div data-animation=\"no-animation\" data-icons-animation=\"no-animation\" data-overlay=\"\" data-change-size=\"\" data-button-size=\"0.7\" style=\"font-size:0.7em!important;display:none;\" class=\"supsystic-social-sharing supsystic-social-sharing-package-flat supsystic-social-sharing-content supsystic-social-sharing-content-align-center\" data-text=\"\"><a data-networks=\"[]\" class=\"social-sharing-button sharer-flat sharer-flat-3 counter-standard without-counter facebook\" target=\"_blank\" title=\"Facebook\" href=\"http:\/\/www.facebook.com\/sharer.php?u=https%3A%2F%2Fwww.abile20.com%2F%3Fpage_id%3D21\" data-main-href=\"http:\/\/www.facebook.com\/sharer.php?u={url}\" data-nid=\"1\" data-name=\"\" data-pid=\"2\" data-post-id=\"21\" data-url=\"https:\/\/www.abile20.com\/wp-admin\/admin-ajax.php\" data-description=\"Tabata Caldironi\" rel=\"nofollow\" data-mailto=\"\"><i class=\"fa-ssbs fa-ssbs-fw fa-ssbs-facebook\"><\/i><div class=\"counter-wrap standard\"><span class=\"counter\">0<\/span><\/div><\/a><a data-networks=\"[]\" class=\"social-sharing-button sharer-flat sharer-flat-3 counter-standard without-counter twitter\" target=\"_blank\" title=\"Twitter\" href=\"https:\/\/twitter.com\/share?url=https%3A%2F%2Fwww.abile20.com%2F%3Fpage_id%3D21&text=Tabata+Caldironi\" data-main-href=\"https:\/\/twitter.com\/share?url={url}&text={title}\" data-nid=\"2\" data-name=\"\" data-pid=\"2\" data-post-id=\"21\" data-url=\"https:\/\/www.abile20.com\/wp-admin\/admin-ajax.php\" data-description=\"Tabata Caldironi\" rel=\"nofollow\" data-mailto=\"\"><i class=\"fa-ssbs fa-ssbs-fw fa-ssbs-twitter\"><\/i><div class=\"counter-wrap standard\"><span class=\"counter\">0<\/span><\/div><\/a><a data-networks=\"[]\" class=\"social-sharing-button sharer-flat sharer-flat-3 counter-standard without-counter googleplus\" target=\"_blank\" title=\"Google+\" href=\"https:\/\/plus.google.com\/share?url=https%3A%2F%2Fwww.abile20.com%2F%3Fpage_id%3D21\" data-main-href=\"https:\/\/plus.google.com\/share?url={url}\" data-nid=\"3\" data-name=\"\" data-pid=\"2\" data-post-id=\"21\" data-url=\"https:\/\/www.abile20.com\/wp-admin\/admin-ajax.php\" data-description=\"Tabata Caldironi\" rel=\"nofollow\" data-mailto=\"\"><i class=\"fa-ssbs fa-ssbs-fw fa-ssbs-google-plus\"><\/i><div class=\"counter-wrap standard\"><span class=\"counter\">0<\/span><\/div><\/a><a data-networks=\"[]\" class=\"social-sharing-button sharer-flat sharer-flat-3 counter-standard without-counter like\" target=\"_blank\" title=\"Like\" href=\"#\" data-main-href=\"#\" data-nid=\"5\" data-name=\"\" data-pid=\"2\" data-post-id=\"21\" data-url=\"https:\/\/www.abile20.com\/wp-admin\/admin-ajax.php\" data-description=\"Tabata Caldironi\" rel=\"nofollow\" data-mailto=\"\"><i class=\"fa-ssbs fa-ssbs-fw fa-ssbs-heart\"><\/i><div class=\"counter-wrap standard\"><span class=\"counter\">0<\/span><\/div><\/a><a data-networks=\"[]\" class=\"social-sharing-button sharer-flat sharer-flat-3 counter-standard without-counter whatsapp\" target=\"_blank\" title=\"WhatsApp\" href=\"https:\/\/web.whatsapp.com\/send?text=https%3A%2F%2Fwww.abile20.com%2F%3Fpage_id%3D21\" data-main-href=\"https:\/\/web.whatsapp.com\/send?text={url}\" data-nid=\"18\" data-name=\"\" data-pid=\"2\" data-post-id=\"21\" data-url=\"https:\/\/www.abile20.com\/wp-admin\/admin-ajax.php\" data-description=\"Tabata Caldironi\" rel=\"nofollow\" data-mailto=\"\"><i class=\"fa-ssbs fa-ssbs-fw fa-ssbs-whatsapp\"><\/i><div class=\"counter-wrap standard\"><span class=\"counter\">0<\/span><\/div><\/a><a data-networks=\"[]\" class=\"social-sharing-button sharer-flat sharer-flat-3 counter-standard without-counter pinterest\" target=\"_blank\" title=\"Pinterest\" href=\"http:\/\/pinterest.com\/pin\/create\/link\/?url=https%3A%2F%2Fwww.abile20.com%2F%3Fpage_id%3D21&description=Tabata+Caldironi\" data-main-href=\"http:\/\/pinterest.com\/pin\/create\/link\/?url={url}&description={title}\" data-nid=\"7\" data-name=\"\" data-pid=\"2\" data-post-id=\"21\" data-url=\"https:\/\/www.abile20.com\/wp-admin\/admin-ajax.php\" data-description=\"Tabata Caldironi\" rel=\"nofollow\" data-mailto=\"\"><i class=\"fa-ssbs fa-ssbs-fw fa-ssbs-pinterest\"><\/i><div class=\"counter-wrap standard\"><span class=\"counter\">0<\/span><\/div><\/a><a data-networks=\"[]\" class=\"social-sharing-button sharer-flat sharer-flat-3 counter-standard without-counter linkedin\" target=\"_blank\" title=\"Linkedin\" href=\"https:\/\/www.linkedin.com\/shareArticle?mini=true&title=Tabata+Caldironi&url=https%3A%2F%2Fwww.abile20.com%2F%3Fpage_id%3D21\" data-main-href=\"https:\/\/www.linkedin.com\/shareArticle?mini=true&title={title}&url={url}\" data-nid=\"13\" data-name=\"\" data-pid=\"2\" data-post-id=\"21\" data-url=\"https:\/\/www.abile20.com\/wp-admin\/admin-ajax.php\" data-description=\"Tabata Caldironi\" rel=\"nofollow\" data-mailto=\"\"><i class=\"fa-ssbs fa-ssbs-fw fa-ssbs-linkedin\"><\/i><div class=\"counter-wrap standard\"><span class=\"counter\">0<\/span><\/div><\/a><a data-networks=\"[]\" class=\"social-sharing-button sharer-flat sharer-flat-3 counter-standard without-counter print\" target=\"_blank\" title=\"Print\" href=\"#\" data-main-href=\"#\" data-nid=\"14\" data-name=\"\" data-pid=\"2\" data-post-id=\"21\" data-url=\"https:\/\/www.abile20.com\/wp-admin\/admin-ajax.php\" data-description=\"Tabata Caldironi\" rel=\"nofollow\" data-mailto=\"\"><i class=\"fa-ssbs fa-ssbs-fw fa-ssbs-print\"><\/i><div class=\"counter-wrap standard\"><span class=\"counter\">0<\/span><\/div><\/a><a data-networks=\"[]\" class=\"social-sharing-button sharer-flat sharer-flat-3 counter-standard without-counter bookmark\" target=\"_blank\" title=\"Add Bookmark\" href=\"#\" data-main-href=\"#\" data-nid=\"15\" data-name=\"\" data-pid=\"2\" data-post-id=\"21\" data-url=\"https:\/\/www.abile20.com\/wp-admin\/admin-ajax.php\" data-description=\"Tabata Caldironi\" rel=\"nofollow\" data-mailto=\"\"><i class=\"fa-ssbs fa-ssbs-fw fa-ssbs-plus\"><\/i><div class=\"counter-wrap standard\"><span class=\"counter\">0<\/span><\/div><\/a><a data-networks=\"[]\" class=\"social-sharing-button sharer-flat sharer-flat-3 counter-standard without-counter mail\" target=\"_blank\" title=\"Mail\" href=\"#\" data-main-href=\"#\" data-nid=\"16\" data-name=\"\" data-pid=\"2\" data-post-id=\"21\" data-url=\"https:\/\/www.abile20.com\/wp-admin\/admin-ajax.php\" data-description=\"Tabata Caldironi\" rel=\"nofollow\" data-mailto=\"\"><i class=\"fa-ssbs fa-ssbs-fw fa-ssbs-envelope-o\"><\/i><div class=\"counter-wrap standard\"><span class=\"counter\">0<\/span><\/div><\/a><\/div>","protected":false},"excerpt":{"rendered":"<p>A proposito di\u00a0Abile 2.0&#8230; Due parole\u00a0sul tuo personaggio In questo film io sono una giornalista neolaureata che mentre cerca di fare uno scoop conosce un non vedente\u00a0e scopre una serie&#8230; <span class=\"more-link\"><a href=\"https:\/\/www.abile20.com\/?page_id=21\">Read More<\/a><\/span><\/p>\n<div data-animation=\"no-animation\" data-icons-animation=\"no-animation\" data-overlay=\"\" data-change-size=\"\" data-button-size=\"0.7\" style=\"font-size:0.7em!important;display:none;\" class=\"supsystic-social-sharing supsystic-social-sharing-package-flat supsystic-social-sharing-content supsystic-social-sharing-content-align-center\" data-text=\"\"><a data-networks=\"[]\" class=\"social-sharing-button sharer-flat sharer-flat-3 counter-standard without-counter facebook\" target=\"_blank\" title=\"Facebook\" href=\"http:\/\/www.facebook.com\/sharer.php?u=https%3A%2F%2Fwww.abile20.com%2F%3Fpage_id%3D21\" data-main-href=\"http:\/\/www.facebook.com\/sharer.php?u={url}\" data-nid=\"1\" data-name=\"\" data-pid=\"2\" data-post-id=\"21\" data-url=\"https:\/\/www.abile20.com\/wp-admin\/admin-ajax.php\" data-description=\"Tabata Caldironi\" rel=\"nofollow\" data-mailto=\"\"><i class=\"fa-ssbs fa-ssbs-fw fa-ssbs-facebook\"><\/i><div class=\"counter-wrap standard\"><span class=\"counter\">0<\/span><\/div><\/a><a data-networks=\"[]\" class=\"social-sharing-button sharer-flat sharer-flat-3 counter-standard without-counter twitter\" target=\"_blank\" title=\"Twitter\" href=\"https:\/\/twitter.com\/share?url=https%3A%2F%2Fwww.abile20.com%2F%3Fpage_id%3D21&text=Tabata+Caldironi\" data-main-href=\"https:\/\/twitter.com\/share?url={url}&text={title}\" data-nid=\"2\" data-name=\"\" data-pid=\"2\" data-post-id=\"21\" data-url=\"https:\/\/www.abile20.com\/wp-admin\/admin-ajax.php\" data-description=\"Tabata Caldironi\" rel=\"nofollow\" data-mailto=\"\"><i class=\"fa-ssbs fa-ssbs-fw fa-ssbs-twitter\"><\/i><div class=\"counter-wrap standard\"><span class=\"counter\">0<\/span><\/div><\/a><a data-networks=\"[]\" class=\"social-sharing-button sharer-flat sharer-flat-3 counter-standard without-counter googleplus\" target=\"_blank\" title=\"Google+\" href=\"https:\/\/plus.google.com\/share?url=https%3A%2F%2Fwww.abile20.com%2F%3Fpage_id%3D21\" data-main-href=\"https:\/\/plus.google.com\/share?url={url}\" data-nid=\"3\" data-name=\"\" data-pid=\"2\" data-post-id=\"21\" data-url=\"https:\/\/www.abile20.com\/wp-admin\/admin-ajax.php\" data-description=\"Tabata Caldironi\" rel=\"nofollow\" data-mailto=\"\"><i class=\"fa-ssbs fa-ssbs-fw fa-ssbs-google-plus\"><\/i><div class=\"counter-wrap standard\"><span class=\"counter\">0<\/span><\/div><\/a><a data-networks=\"[]\" class=\"social-sharing-button sharer-flat sharer-flat-3 counter-standard without-counter like\" target=\"_blank\" title=\"Like\" href=\"#\" data-main-href=\"#\" data-nid=\"5\" data-name=\"\" data-pid=\"2\" data-post-id=\"21\" data-url=\"https:\/\/www.abile20.com\/wp-admin\/admin-ajax.php\" data-description=\"Tabata Caldironi\" rel=\"nofollow\" data-mailto=\"\"><i class=\"fa-ssbs fa-ssbs-fw fa-ssbs-heart\"><\/i><div class=\"counter-wrap standard\"><span class=\"counter\">0<\/span><\/div><\/a><a data-networks=\"[]\" class=\"social-sharing-button sharer-flat sharer-flat-3 counter-standard without-counter whatsapp\" target=\"_blank\" title=\"WhatsApp\" href=\"https:\/\/web.whatsapp.com\/send?text=https%3A%2F%2Fwww.abile20.com%2F%3Fpage_id%3D21\" data-main-href=\"https:\/\/web.whatsapp.com\/send?text={url}\" data-nid=\"18\" data-name=\"\" data-pid=\"2\" data-post-id=\"21\" data-url=\"https:\/\/www.abile20.com\/wp-admin\/admin-ajax.php\" data-description=\"Tabata Caldironi\" rel=\"nofollow\" data-mailto=\"\"><i class=\"fa-ssbs fa-ssbs-fw fa-ssbs-whatsapp\"><\/i><div class=\"counter-wrap standard\"><span class=\"counter\">0<\/span><\/div><\/a><a data-networks=\"[]\" class=\"social-sharing-button sharer-flat sharer-flat-3 counter-standard without-counter pinterest\" target=\"_blank\" title=\"Pinterest\" href=\"http:\/\/pinterest.com\/pin\/create\/link\/?url=https%3A%2F%2Fwww.abile20.com%2F%3Fpage_id%3D21&description=Tabata+Caldironi\" data-main-href=\"http:\/\/pinterest.com\/pin\/create\/link\/?url={url}&description={title}\" data-nid=\"7\" data-name=\"\" data-pid=\"2\" data-post-id=\"21\" data-url=\"https:\/\/www.abile20.com\/wp-admin\/admin-ajax.php\" data-description=\"Tabata Caldironi\" rel=\"nofollow\" data-mailto=\"\"><i class=\"fa-ssbs fa-ssbs-fw fa-ssbs-pinterest\"><\/i><div class=\"counter-wrap standard\"><span class=\"counter\">0<\/span><\/div><\/a><a data-networks=\"[]\" class=\"social-sharing-button sharer-flat sharer-flat-3 counter-standard without-counter linkedin\" target=\"_blank\" title=\"Linkedin\" href=\"https:\/\/www.linkedin.com\/shareArticle?mini=true&title=Tabata+Caldironi&url=https%3A%2F%2Fwww.abile20.com%2F%3Fpage_id%3D21\" data-main-href=\"https:\/\/www.linkedin.com\/shareArticle?mini=true&title={title}&url={url}\" data-nid=\"13\" data-name=\"\" data-pid=\"2\" data-post-id=\"21\" data-url=\"https:\/\/www.abile20.com\/wp-admin\/admin-ajax.php\" data-description=\"Tabata Caldironi\" rel=\"nofollow\" data-mailto=\"\"><i class=\"fa-ssbs fa-ssbs-fw fa-ssbs-linkedin\"><\/i><div class=\"counter-wrap standard\"><span class=\"counter\">0<\/span><\/div><\/a><a data-networks=\"[]\" class=\"social-sharing-button sharer-flat sharer-flat-3 counter-standard without-counter print\" target=\"_blank\" title=\"Print\" href=\"#\" data-main-href=\"#\" data-nid=\"14\" data-name=\"\" data-pid=\"2\" data-post-id=\"21\" data-url=\"https:\/\/www.abile20.com\/wp-admin\/admin-ajax.php\" data-description=\"Tabata Caldironi\" rel=\"nofollow\" data-mailto=\"\"><i class=\"fa-ssbs fa-ssbs-fw fa-ssbs-print\"><\/i><div class=\"counter-wrap standard\"><span class=\"counter\">0<\/span><\/div><\/a><a data-networks=\"[]\" class=\"social-sharing-button sharer-flat sharer-flat-3 counter-standard without-counter bookmark\" target=\"_blank\" title=\"Add Bookmark\" href=\"#\" data-main-href=\"#\" data-nid=\"15\" data-name=\"\" data-pid=\"2\" data-post-id=\"21\" data-url=\"https:\/\/www.abile20.com\/wp-admin\/admin-ajax.php\" data-description=\"Tabata Caldironi\" rel=\"nofollow\" data-mailto=\"\"><i class=\"fa-ssbs fa-ssbs-fw fa-ssbs-plus\"><\/i><div class=\"counter-wrap standard\"><span class=\"counter\">0<\/span><\/div><\/a><a data-networks=\"[]\" class=\"social-sharing-button sharer-flat sharer-flat-3 counter-standard without-counter mail\" target=\"_blank\" title=\"Mail\" href=\"#\" data-main-href=\"#\" data-nid=\"16\" data-name=\"\" data-pid=\"2\" data-post-id=\"21\" data-url=\"https:\/\/www.abile20.com\/wp-admin\/admin-ajax.php\" data-description=\"Tabata Caldironi\" rel=\"nofollow\" data-mailto=\"\"><i class=\"fa-ssbs fa-ssbs-fw fa-ssbs-envelope-o\"><\/i><div class=\"counter-wrap standard\"><span class=\"counter\">0<\/span><\/div><\/a><\/div>","protected":false},"author":1,"featured_media":0,"parent":19,"menu_order":0,"comment_status":"closed","ping_status":"closed","template":"","meta":{"footnotes":""},"class_list":["post-21","page","type-page","status-publish","hentry"],"_links":{"self":[{"href":"https:\/\/www.abile20.com\/index.php?rest_route=\/wp\/v2\/pages\/21","targetHints":{"allow":["GET"]}}],"collection":[{"href":"https:\/\/www.abile20.com\/index.php?rest_route=\/wp\/v2\/pages"}],"about":[{"href":"https:\/\/www.abile20.com\/index.php?rest_route=\/wp\/v2\/types\/page"}],"author":[{"embeddable":true,"href":"https:\/\/www.abile20.com\/index.php?rest_route=\/wp\/v2\/users\/1"}],"replies":[{"embeddable":true,"href":"https:\/\/www.abile20.com\/index.php?rest_route=%2Fwp%2Fv2%2Fcomments&post=21"}],"version-history":[{"count":17,"href":"https:\/\/www.abile20.com\/index.php?rest_route=\/wp\/v2\/pages\/21\/revisions"}],"predecessor-version":[{"id":141,"href":"https:\/\/www.abile20.com\/index.php?rest_route=\/wp\/v2\/pages\/21\/revisions\/141"}],"up":[{"embeddable":true,"href":"https:\/\/www.abile20.com\/index.php?rest_route=\/wp\/v2\/pages\/19"}],"wp:attachment":[{"href":"https:\/\/www.abile20.com\/index.php?rest_route=%2Fwp%2Fv2%2Fmedia&parent=21"}],"curies":[{"name":"wp","href":"https:\/\/api.w.org\/{rel}","templated":true}]}}